{"id":748,"date":"2021-06-07T13:21:08","date_gmt":"2021-06-07T13:21:08","guid":{"rendered":"https:\/\/www.biochem.de\/?page_id=748"},"modified":"2026-02-27T12:58:24","modified_gmt":"2026-02-27T12:58:24","slug":"downloads","status":"publish","type":"page","link":"https:\/\/www.biochem.de\/en\/downloads\/","title":{"rendered":"Download area"},"content":{"rendered":"\n<div class=\"block__intro mb-6 mb-md-7 \" id=\"block_60ae57056bd4b\">\n    <div class=\"container-right nested-container\">\n        <div class=\"row\">\n            <div class=\"block__intro__column col-12 col-lg-7 col-xxxl-6 order-2 order-lg-1 d-flex flex-column justify-content-center mt-0 mt-lg-5\">\n                                    <div class=\"block__intro__logo mb-5 logo\">\n                        <img decoding=\"async\" class=\"img-fluid\" src=\"https:\/\/www.biochem.de\/app\/themes\/biochem\/assets\/images\/icon-logo.svg\" alt=\"BioChem Logo\">\n                    <\/div>\n                                <h2 class=\"heading-xxl\">Download area<\/h2>\n                <div class=\"body-lg block__intro__description\"><p>Here you can find all relevant documents for download. Should you require any additional documents, please contact us.<\/p>\n<\/div>\n                                    <a class=\"button mt-5 md-button-fw\" href=\"https:\/\/www.biochem.de\/en\/contact\/\">Contact Form<\/a>\n                            <\/div>\n            <div class=\"col-12 col-lg-5 offset-xxxl-1 col-xxxl-5 order-1 order-lg-2 pe-lg-0\">\n                <div class=\"block__intro__imagewrapper\">\n                    <img loading=\"lazy\" decoding=\"async\" width=\"675\" height=\"585\" src=\"https:\/\/www.biochem.de\/app\/uploads\/2022\/08\/Foto-Gebaeude-675x585-1.jpg\" class=\"block__intro__image mb-6 mb-lg-0\" alt=\"BioChem laboratory building, Karlsruhe, Germany\" srcset=\"https:\/\/www.biochem.de\/app\/uploads\/2022\/08\/Foto-Gebaeude-675x585-1.jpg 675w, https:\/\/www.biochem.de\/app\/uploads\/2022\/08\/Foto-Gebaeude-675x585-1-300x260.jpg 300w\" sizes=\"auto, (max-width: 675px) 100vw, 675px\" \/>                <\/div>\n            <\/div>\n        <\/div>\n    <\/div>\n<\/div>\n\n\n<div class=\"block__accordion mb-6 mb-md-7\" id=\"block_627a30d2fff71\">\n    <h2 class=\"heading-lg mb-5 mb-lg-7 mb-xxl-9\">Documents for download \u2193<\/h2>                <div class=\"card\">\n                    <div class=\"card-header p-0\" id=\"heading-block_627a30d2fff71-1\">\n                        <a href=\"#Manufacturer\u2019s authorisation | GMP certificate | Statement of GLP compliance\" class=\"collapsed text-decoration-none p-4 ps-0 ps-lg-0 pe-6 p-lg-5 d-block\" data-bs-toggle=\"collapse\" data-bs-target=\"#collapse-block_627a30d2fff71-1\" aria-expanded=\"false\"\n                                aria-controls=\"collapse-block_627a30d2fff71-1\" id=\"Manufacturer\u2019s authorisation | GMP certificate | Statement of GLP compliance\">\n                                                            <h3 class=\"mb-0 heading-xs\">Manufacturer\u2019s authorisation | GMP certificate | Statement of GLP compliance<\/h3>\n                                                    <\/a>\n                    <\/div>\n                    <div id=\"collapse-block_627a30d2fff71-1\" class=\"collapse\" aria-labelledby=\"heading-block_627a30d2fff71-1\" data-parent=\"#accordion-block_627a30d2fff71\">\n                        <div class=\"card-body p-4 ps-0 ps-lg-0 p-lg-5 pt-0 pt-lg-0\">\n                                                            <p>Download (PDF) <a href=\"https:\/\/www.biochem.de\/app\/uploads\/2023\/09\/GMP-Herstellerlaubnis-Humanarzneimittel-2023_geschwaerzt.pdf\">BioChem manufacturer\u2019s authorisation 2023 for human medicinal products and investigational medicinal products<\/a> (original German certificate)<br \/>\nDownload (PDF) <a href=\"https:\/\/www.biochem.de\/app\/uploads\/2023\/12\/Biochem_DE_BW_01_MIA_2023_0081_englisch_HUM.pdf\">English translation (for reference only)<\/a><\/p>\n<p>Download (PDF) <a href=\"https:\/\/www.biochem.de\/app\/uploads\/2023\/09\/GMP-Herstellungserlaubnis-Veterinaerarzneimittel-2022_geschwaerzt.pdf\">BioChem manufacturer\u2019s authorisation 2022 for veterinary medicinal products<\/a> (original German certificate)<br \/>\nDownload (PDF) <a href=\"https:\/\/www.biochem.de\/app\/uploads\/2022\/05\/Biochem_DE_BW_01_MIA_2022_0053_englisch_VET.pdf\">English translation (for reference only)<\/a><\/p>\n<hr \/>\n<p>Download (PDF) <a href=\"https:\/\/www.biochem.de\/app\/uploads\/2024\/09\/Biochem_DE_BW_01_GMP_2024_0118_HUM_scan_geschwaerzt.pdf\" target=\"_blank\" rel=\"noopener\">BioChem GMP certificate 2024 for human medicinal products and investigational medicinal products<\/a><\/p>\n<p>Download (PDF) <a href=\"https:\/\/www.biochem.de\/app\/uploads\/2024\/03\/2024-03-GMP-Zertifikat-LAB-GH_geschwaerzt.pdf\" target=\"_blank\" rel=\"noopener\">BioChem GMP certificate site Gerichshain 2024 for medicinal products and investigational medicinal products<\/a><\/p>\n<p>Download (PDF) <a href=\"https:\/\/www.biochem.de\/app\/uploads\/2024\/09\/Biochem_DE_BW_01_GMP_2024_0119_VET_scan_geschwaerzt.pdf\" target=\"_blank\" rel=\"noopener\">BioChem GMP certificate 2024 for veterinary medicinal products<\/a><\/p>\n<hr \/>\n<p>Download (PDF) <a href=\"https:\/\/www.biochem.de\/app\/uploads\/2024\/10\/GLP-Bescheinigung-2024.pdf\" target=\"_blank\" rel=\"noopener\">BioChem statement of GLP compliance 2024<\/a><\/p>\n                                                                                    <\/div>\n                    <\/div>\n                <\/div>\n\n                            <div class=\"card\">\n                    <div class=\"card-header p-0\" id=\"heading-block_627a30d2fff71-2\">\n                        <a href=\"#QP service\" class=\"collapsed text-decoration-none p-4 ps-0 ps-lg-0 pe-6 p-lg-5 d-block\" data-bs-toggle=\"collapse\" data-bs-target=\"#collapse-block_627a30d2fff71-2\" aria-expanded=\"false\"\n                                aria-controls=\"collapse-block_627a30d2fff71-2\" id=\"QP service\">\n                                                            <h3 class=\"mb-0 heading-xs\">QP service<\/h3>\n                                                    <\/a>\n                    <\/div>\n                    <div id=\"collapse-block_627a30d2fff71-2\" class=\"collapse\" aria-labelledby=\"heading-block_627a30d2fff71-2\" data-parent=\"#accordion-block_627a30d2fff71\">\n                        <div class=\"card-body p-4 ps-0 ps-lg-0 p-lg-5 pt-0 pt-lg-0\">\n                                                            <p>Download (PDF) <a href=\"https:\/\/www.biochem.de\/app\/uploads\/2023\/08\/2023-08_BioChem_Flyer_Herstellungserlaubnis_QP-Service.pdf\" target=\"_blank\" rel=\"noopener\">BioChem manufacturer\u2019s authorisation and QP service<\/a><\/p>\n                                                                                    <\/div>\n                    <\/div>\n                <\/div>\n\n                            <div class=\"card\">\n                    <div class=\"card-header p-0\" id=\"heading-block_627a30d2fff71-3\">\n                        <a href=\"#List of services | Order request | General terms and conditions\" class=\"collapsed text-decoration-none p-4 ps-0 ps-lg-0 pe-6 p-lg-5 d-block\" data-bs-toggle=\"collapse\" data-bs-target=\"#collapse-block_627a30d2fff71-3\" aria-expanded=\"false\"\n                                aria-controls=\"collapse-block_627a30d2fff71-3\" id=\"List of services | Order request | General terms and conditions\">\n                                                            <h3 class=\"mb-0 heading-xs\">List of services | Order request | General terms and conditions<\/h3>\n                                                    <\/a>\n                    <\/div>\n                    <div id=\"collapse-block_627a30d2fff71-3\" class=\"collapse\" aria-labelledby=\"heading-block_627a30d2fff71-3\" data-parent=\"#accordion-block_627a30d2fff71\">\n                        <div class=\"card-body p-4 ps-0 ps-lg-0 p-lg-5 pt-0 pt-lg-0\">\n                                                            <p>Download (PDF)<a href=\"https:\/\/www.biochem.de\/app\/uploads\/2025\/12\/BioChem_Leistungsverzeichnis_2026-01_englwop-2.pdf\" target=\"_blank\" rel=\"noopener\"> BioChem list of services as of 01\/2026 (without pricing)<\/a><br \/>\nBioChem&#8217;s current list of services with pricing: <a href=\"https:\/\/www.biochem.de\/en\/contact\/\" target=\"_blank\" rel=\"noopener\">request via our contact form<\/a><\/p>\n<hr \/>\n<p>Download (PDF) <a href=\"https:\/\/www.biochem.de\/app\/uploads\/2025\/08\/BioChem-Order-Request_neu.pdf\" target=\"_blank\" rel=\"noopener\">BioChem form order request<\/a><\/p>\n<hr \/>\n<p>Download (PDF) <a href=\"https:\/\/www.biochem.de\/app\/uploads\/2023\/12\/General-Terms-and-Conditions-of-Order-BioChem-Labor.pdf\" target=\"_blank\" rel=\"noopener\">BioChem general terms and conditions<\/a><\/p>\n                                                                                    <\/div>\n                    <\/div>\n                <\/div>\n\n                            <div class=\"card\">\n                    <div class=\"card-header p-0\" id=\"heading-block_627a30d2fff71-4\">\n                        <a href=\"#Company presentation | Flyers | Brochures\" class=\"collapsed text-decoration-none p-4 ps-0 ps-lg-0 pe-6 p-lg-5 d-block\" data-bs-toggle=\"collapse\" data-bs-target=\"#collapse-block_627a30d2fff71-4\" aria-expanded=\"false\"\n                                aria-controls=\"collapse-block_627a30d2fff71-4\" id=\"Company presentation | Flyers | Brochures\">\n                                                            <h3 class=\"mb-0 heading-xs\">Company presentation | Flyers | Brochures<\/h3>\n                                                    <\/a>\n                    <\/div>\n                    <div id=\"collapse-block_627a30d2fff71-4\" class=\"collapse\" aria-labelledby=\"heading-block_627a30d2fff71-4\" data-parent=\"#accordion-block_627a30d2fff71\">\n                        <div class=\"card-body p-4 ps-0 ps-lg-0 p-lg-5 pt-0 pt-lg-0\">\n                                                            <p>Download (PDF) <a href=\"https:\/\/www.biochem.de\/app\/uploads\/2022\/05\/BioChem-company-presentation-EN-2022-06.pdf\">BioChem company presentation<\/a><\/p>\n<hr \/>\n<p>Download (PDF) BioChem flyers und brochures:<\/p>\n<p>GMP-certified quality control laboratory for the qualification and operation of cleanrooms (in German only)<br \/>\n<a href=\"https:\/\/www.biochem.de\/app\/uploads\/2022\/05\/2022-04-Final-BioChem-Flyer-Reinraeume-DE.pdf\" target=\"_blank\" rel=\"noopener\"><em>GMP-zertifiziertes Qualit\u00e4tskontrolllabor f\u00fcr die Qualifizierung und Betrieb von Reinr\u00e4umen<\/em><\/a><\/p>\n<p>GMP-certified quality control laboratory for the identification of microorganisms (in German only)<br \/>\n<em><a href=\"https:\/\/www.biochem.de\/app\/uploads\/2022\/11\/39556_BioChem_Flyer_Mikororganismen_DL.pdf\" target=\"_blank\" rel=\"noopener\">GMP-zertifiziertes Qualit\u00e4tskontrolllabor f\u00fcr die Identifizierung von Mikroorganismen<\/a><\/em><\/p>\n<p><a href=\"https:\/\/www.biochem.de\/app\/uploads\/2022\/05\/2022-02_BioChem_Flyer_rFC-Test-DE_EN.pdf\" target=\"_blank\" rel=\"noopener\">rFC test for the detection of bacterial endotoxines<\/a><\/p>\n<p>Reliable purity testing for consumables and reagents (in German only)<br \/>\n<a href=\"https:\/\/www.biochem.de\/app\/uploads\/2023\/07\/2023-07-Flyer-Reinheitspruefungen-Verbrauchsmaterialien-und-Reagenzien.pdf\" target=\"_blank\" rel=\"noopener\"><em>Zuverl\u00e4ssige Reinheitspr\u00fcfung f\u00fcr Ihre Verbrauchsmaterialien und Reagenzien<\/em><\/a><\/p>\n<p><a href=\"https:\/\/www.biochem.de\/app\/uploads\/2026\/02\/BioChem-Imageflyer-english.pdf\" target=\"_blank\" rel=\"noopener\">Analytical laboratory full service provider<\/a><\/p>\n                                                                                    <\/div>\n                    <\/div>\n                <\/div>\n\n                            <div class=\"card\">\n                    <div class=\"card-header p-0\" id=\"heading-block_627a30d2fff71-5\">\n                        <a href=\"#Print media advertisements | Publications\" class=\"collapsed text-decoration-none p-4 ps-0 ps-lg-0 pe-6 p-lg-5 d-block\" data-bs-toggle=\"collapse\" data-bs-target=\"#collapse-block_627a30d2fff71-5\" aria-expanded=\"false\"\n                                aria-controls=\"collapse-block_627a30d2fff71-5\" id=\"Print media advertisements | Publications\">\n                                                            <h3 class=\"mb-0 heading-xs\">Print media advertisements | Publications<\/h3>\n                                                    <\/a>\n                    <\/div>\n                    <div id=\"collapse-block_627a30d2fff71-5\" class=\"collapse\" aria-labelledby=\"heading-block_627a30d2fff71-5\" data-parent=\"#accordion-block_627a30d2fff71\">\n                        <div class=\"card-body p-4 ps-0 ps-lg-0 p-lg-5 pt-0 pt-lg-0\">\n                                                            <p><a href=\"https:\/\/www.biochem.de\/app\/uploads\/2024\/04\/2024-04-BioChem-AZ-PharmInd.pdf\" target=\"_blank\" rel=\"noopener\">BioChem advertisement in pharmind 2024<\/a> (in German only)<\/p>\n<p><a href=\"https:\/\/www.biochem.de\/app\/uploads\/2022\/05\/Anzeige_BioChem_cleanroomprocesses-Ausgabe-1_2022.pdf\" target=\"_blank\" rel=\"noopener\">BioChem advertisement in &#8220;cleanroom &amp; processes&#8221;, issue 1\/2022<\/a> (in German only)<\/p>\n<p><a href=\"https:\/\/www.biochem.de\/app\/uploads\/2022\/05\/BioChem_Anzeige_PharmInd_April-2021_final.pdf\" target=\"_blank\" rel=\"noopener\">BioChem advertisement regarding pharmaceutical water in &#8220;Pharm. Ind.&#8221;, issue of 2021 <\/a>(in German only)<\/p>\n<hr \/>\n<p>Download (PDF) company profile in Pharm.Ind. 2024: <a href=\"https:\/\/www.biochem.de\/app\/uploads\/2024\/07\/BioChem-Pharmind-2024-06.pdf\" target=\"_blank\" rel=\"noopener\">BioChem \u2013 Analytisches Auftragslabor <\/a>(in German only)<\/p>\n<p>Download (PDF) article in &#8220;Pharm. Ind.&#8221;, Editio Cantor Verlag, 2022: <a href=\"https:\/\/www.biochem.de\/app\/uploads\/2022\/05\/2022-01-pharmind-Haltbarkeit-von-Reagenzien-Artikel-J.-Kolb-und-J.-Bonnet.pdf\" target=\"_blank\" rel=\"noopener\">Shelf life of reagents, Article by J. Kolb and J. Bonnet<\/a>, both BioChem (in German only)<\/p>\n                                                                                    <\/div>\n                    <\/div>\n                <\/div>\n\n            <\/div>\n","protected":false},"excerpt":{"rendered":"","protected":false},"author":7,"featured_media":0,"parent":0,"menu_order":0,"comment_status":"closed","ping_status":"closed","template":"template-clean.php","meta":{"footnotes":""},"class_list":["post-748","page","type-page","status-publish","hentry"],"_links":{"self":[{"href":"https:\/\/www.biochem.de\/en\/wp-json\/wp\/v2\/pages\/748","targetHints":{"allow":["GET"]}}],"collection":[{"href":"https:\/\/www.biochem.de\/en\/wp-json\/wp\/v2\/pages"}],"about":[{"href":"https:\/\/www.biochem.de\/en\/wp-json\/wp\/v2\/types\/page"}],"author":[{"embeddable":true,"href":"https:\/\/www.biochem.de\/en\/wp-json\/wp\/v2\/users\/7"}],"replies":[{"embeddable":true,"href":"https:\/\/www.biochem.de\/en\/wp-json\/wp\/v2\/comments?post=748"}],"version-history":[{"count":149,"href":"https:\/\/www.biochem.de\/en\/wp-json\/wp\/v2\/pages\/748\/revisions"}],"predecessor-version":[{"id":6397,"href":"https:\/\/www.biochem.de\/en\/wp-json\/wp\/v2\/pages\/748\/revisions\/6397"}],"wp:attachment":[{"href":"https:\/\/www.biochem.de\/en\/wp-json\/wp\/v2\/media?parent=748"}],"curies":[{"name":"wp","href":"https:\/\/api.w.org\/{rel}","templated":true}]}}